{"id":809,"date":"2023-05-04T14:48:54","date_gmt":"2023-05-04T11:48:54","guid":{"rendered":"https:\/\/www.technova.com.tr\/anasayfa\/"},"modified":"2024-05-07T11:34:58","modified_gmt":"2024-05-07T08:34:58","slug":"anasayfa","status":"publish","type":"page","link":"https:\/\/www.technova.com.tr\/en\/","title":{"rendered":"Anasayfa"},"content":{"rendered":"<div class=\"vce-row-container\" data-vce-boxed-width=\"true\"><div class=\"vce-row vce-row--col-gap-30 vce-row-equal-height vce-row-content--top\" id=\"el-f7bb8924\" data-vce-do-apply=\"all el-f7bb8924\"><div class=\"vce-row-content\" data-vce-element-content=\"true\"><div class=\"vce-col vce-col--md-auto vce-col--xs-1 vce-col--xs-last vce-col--xs-first vce-col--sm-last vce-col--sm-first vce-col--md-last vce-col--lg-last vce-col--xl-last vce-col--md-first vce-col--lg-first vce-col--xl-first\" id=\"el-6e32f07e\"><div class=\"vce-col-inner\" data-vce-do-apply=\"border margin background  el-6e32f07e\"><div class=\"vce-col-content\" data-vce-element-content=\"true\" data-vce-do-apply=\"padding el-6e32f07e\"><div class=\"swiper-container main-header-slider\"><div class=\"swiper-wrapper\" id=\"el-ee079c0b\" data-vce-do-apply=\"all el-ee079c0b\"><div class=\"swiper-slide\"><div class=\"main\" id=\"el-e3f6ecca\" data-vce-background-image-all=\"https:\/\/www.technova.com.tr\/wp-content\/uploads\/2023\/08\/gorsel-1-scaled_rev.jpg\" data-vce-background-image=\"all\" data-vce-lozad=\"true\" data-vce-do-apply=\"all el-e3f6ecca\"><div class=\"container h-100\"><div class=\"row h-100 align-items-center\"><div class=\"col-12 col-md-8\"><h2>Make Your Business Processes Efficient<\/h2><p><a class=\"buttonx\" href=\"https:\/\/www.technova.com.tr\/en\/sap-crm-and-customer-experience\/\">Detailed information<\/a><\/p><p>&nbsp;<\/p><\/div><\/div><\/div><\/div><\/div><div class=\"swiper-slide\"><div class=\"main\" id=\"el-77eff629\" data-vce-background-image-all=\"https:\/\/www.technova.com.tr\/wp-content\/uploads\/2023\/05\/CM.jpg\" data-vce-background-image=\"all\" data-vce-lozad=\"true\" data-vce-do-apply=\"all el-77eff629\"><div class=\"container h-100\"><div class=\"row h-100 align-items-center\"><div class=\"col-12 col-md-8\"><h2>Connect Customer Data from Demand to Delivery<\/h2><p><a class=\"buttonx\" href=\"\/en\/products\/sap-solution-manager\/\">Detailed information<\/a><\/p><\/div><\/div><\/div><\/div><\/div><\/div><div class=\"container relative\"><div class=\"custom-pagination\"><div class=\"swiper-pagination\"><\/div><\/div><\/div><\/div><\/div><\/div><\/div><\/div><\/div><\/div><div class=\"vce-row-container\" data-vce-boxed-width=\"true\"><div class=\"vce-row vce-row--col-gap-30 vce-row-equal-height vce-row-content--top\" id=\"el-5efdf3bb\" data-vce-do-apply=\"all el-5efdf3bb\"><div class=\"vce-row-content\" data-vce-element-content=\"true\"><div class=\"vce-col vce-col--md-auto vce-col--xs-1 vce-col--xs-last vce-col--xs-first vce-col--sm-last vce-col--sm-first vce-col--md-last vce-col--lg-last vce-col--xl-last vce-col--md-first vce-col--lg-first vce-col--xl-first\" id=\"el-a6cc8d7f\"><div class=\"vce-col-inner\" data-vce-do-apply=\"border margin background  el-a6cc8d7f\"><div class=\"vce-col-content\" data-vce-element-content=\"true\" data-vce-do-apply=\"padding el-a6cc8d7f\"><div class=\"main-two d-flex align-items-center\" id=\"el-e615329f\" data-vce-background-image-all=\"https:\/\/www.technova.com.tr\/wp-content\/uploads\/2023\/05\/download.png\" data-vce-background-image=\"all\" data-vce-lozad=\"true\" data-vce-do-apply=\"all el-e615329f\"><div class=\"container\"><div class=\"row\"><div class=\"col-12\"><div class=\"spacex\"><\/div><h3 class=\"title\"><h3 class=\"title\">\u0130\u015finizi nas\u0131l daha de\u011ferli hale getiriyoruz?<\/h3><\/h3><\/div><div class=\"vce-text-block\"><div class=\"vce-text-block-wrapper vce\" id=\"el-add77e3f\" data-vce-do-apply=\"all el-add77e3f\"><h3 class=\"title active\">How do we make your business more valuable?<\/h3><\/div><\/div><div class=\"col-12 col-lg-6\" id=\"el-c74a494b\" data-vce-do-apply=\"all el-c74a494b\"><div class=\"main-two-content\"><div class=\"main-two-content-box\"><img decoding=\"async\" class=\"\" src=\"https:\/\/www.technova.com.tr\/wp-content\/uploads\/2023\/05\/download-2.png\" alt=\"\"><div class=\"box-content text-center\"><h2 class=\"box-title\">SAP CX from Technova<\/h2><p>Playing an active role at every&nbsp;stage of your communication with the customer, SAP CX improves the customer experience with valuable insights. A perfect experience leads to customer loyalty, and loyalty leads to new business partnerships and increased profits.<\/p><div class=\"button-wrap\"><a class=\"box-button\" href=\"https:\/\/www.technova.com.tr\/en\/sap-crm-and-customer-experience\/\">Find out more<\/a><\/div><a class=\"box-button\" href=\"http:\/\/www.technova.com.tr\/urunler\/crm-ve-musteri-deneyimi\/\" title=\"\">Daha fazlas\u0131n\u0131 \u00f6\u011frenin<\/a><\/div><\/div><\/div><\/div><div class=\"col-12 col-lg-6\" id=\"el-f4a7c0e2\" data-vce-do-apply=\"all el-f4a7c0e2\"><div class=\"main-two-content\"><div class=\"main-two-content-box\"><img decoding=\"async\" class=\"\" src=\"https:\/\/www.technova.com.tr\/wp-content\/uploads\/2023\/05\/download-1.png\" alt=\"\"><div class=\"box-content text-center\"><h2 class=\"box-title\">SAP Solman from Technova<\/h2><p>Solution Manager holds the key to fast processes, a wide range of optimisation options, high efficiency and zero risk. It offers a wide range of functions to implement, operate, monitor and support your solutions.<\/p><div class=\"button-wrap\"><a class=\"box-button\" href=\"https:\/\/www.technova.com.tr\/en\/sap-solution-manager\/\">Find out more<\/a><\/div><a class=\"box-button\" href=\"http:\/\/www.technova.com.tr\/urunler\/sap-solution-manager\/\" title=\"\">Daha fazlas\u0131n\u0131 \u00f6\u011frenin<\/a><\/div><\/div><\/div><\/div><\/div><\/div><\/div><\/div><\/div><\/div><\/div><\/div><\/div><div class=\"vce-row-container\" data-vce-boxed-width=\"true\"><div class=\"vce-row vce-row--col-gap-30 vce-row-equal-height vce-row-content--top\" id=\"el-63828d2f\" data-vce-do-apply=\"all el-63828d2f\"><div class=\"vce-row-content\" data-vce-element-content=\"true\"><div class=\"vce-col vce-col--md-auto vce-col--xs-1 vce-col--xs-last vce-col--xs-first vce-col--sm-last vce-col--sm-first vce-col--md-last vce-col--lg-last vce-col--xl-last vce-col--md-first vce-col--lg-first vce-col--xl-first\" id=\"el-6973848c\"><div class=\"vce-col-inner\" data-vce-do-apply=\"border margin background  el-6973848c\"><div class=\"vce-col-content\" data-vce-element-content=\"true\" data-vce-do-apply=\"padding el-6973848c\"><div class=\"home-main\" id=\"el-653bb236\" data-vce-do-apply=\"all el-653bb236\"><div class=\"container\"><h3>Technova + SAP:<br>Neden tercih etmelisiniz?&nbsp;<\/h3><div class=\"row justify-content-center\"><div class=\"vce-text-block\"><div class=\"vce-text-block-wrapper vce\" id=\"el-949787c9\" data-vce-do-apply=\"all el-949787c9\"><h3 class=\"active\">Technova + SAP:<br>Why should you choose?<\/h3><\/div><\/div><div class=\"col-12 col-md-6 col-lg-4\" id=\"el-e77c6de0\" data-vce-do-apply=\"all el-e77c6de0\"><div class=\"home-main-content\"><img decoding=\"async\" class=\"\" src=\"https:\/\/www.technova.com.tr\/wp-content\/uploads\/2023\/05\/18.svg\" alt=\"\"><h4>Since 2011<\/h4><p>For more than 10 years we have been \"in the game\". With our experience, we can analyse the current business processes of your organisation in a short time and evaluate which tools and features will be used in the best way in terms of time and cost.<\/p><\/div><\/div><div class=\"col-12 col-md-6 col-lg-4\" id=\"el-700554a9\" data-vce-do-apply=\"all el-700554a9\"><div class=\"home-main-content\"><img decoding=\"async\" class=\"\" src=\"https:\/\/www.technova.com.tr\/wp-content\/uploads\/2023\/05\/19.svg\" alt=\"\"><h4>Customised solutions<\/h4><p>We know that SAP solutions are designed according to the common needs of many organisations. For this reason, we offer systems that work more efficiently and effectively with the solutions we specially design according to the business processes of your organisation.<\/p><\/div><\/div><div class=\"col-12 col-md-6 col-lg-4\" id=\"el-54f44063\" data-vce-do-apply=\"all el-54f44063\"><div class=\"home-main-content\"><img decoding=\"async\" class=\"\" src=\"https:\/\/www.technova.com.tr\/wp-content\/uploads\/2023\/05\/20.svg\" alt=\"\"><h4>Continuous improvement<\/h4><p>We are aware that your organisation needs continuous monitoring and improvement. We are increasing our competences every day for you to improve your business processes uninterruptedly and to use your SAP system in the most efficient way.<\/p><\/div><\/div><\/div><\/div><\/div><\/div><\/div><\/div><\/div><\/div><\/div><div class=\"vce-row-container\" data-vce-boxed-width=\"true\"><div class=\"vce-row vce-row--col-gap-30 vce-row-equal-height vce-row-content--top\" id=\"el-7370956d\" data-vce-do-apply=\"all el-7370956d\"><div class=\"vce-row-content\" data-vce-element-content=\"true\"><div class=\"vce-col vce-col--md-auto vce-col--xs-1 vce-col--xs-last vce-col--xs-first vce-col--sm-last vce-col--sm-first vce-col--md-last vce-col--lg-last vce-col--xl-last vce-col--md-first vce-col--lg-first vce-col--xl-first\" id=\"el-7aaf276d\"><div class=\"vce-col-inner\" data-vce-do-apply=\"border margin background  el-7aaf276d\"><div class=\"vce-col-content\" data-vce-element-content=\"true\" data-vce-do-apply=\"padding el-7aaf276d\"><div class=\"customer-main\" id=\"el-6474f886\" data-vce-do-apply=\"all el-6474f886\"><div class=\"container\"><div class=\"row align-items-center\"><div class=\"col-12 col-md-4 col-lg-4\"><h3>Success <br>Stories<\/h3><\/div><div class=\"col-12 col-md-8 col-lg-8\"><div class=\"swiper\"><div class=\"swiper-container customer-slider\"><div class=\"swiper-wrapper \"><div class=\"swiper-slide before\" id=\"el-82eb50b7\" data-vce-do-apply=\"all el-82eb50b7\"><div class=\"customer-mains\"><div class=\"customer-mains-image\"><img decoding=\"async\" class=\"\" src=\"https:\/\/www.technova.com.tr\/wp-content\/uploads\/2023\/05\/download-1-1.png\" alt=\"\"><\/div><div class=\"customer-mains-content\"><p><span style=\"font-family: inherit; font-size: 24px;\">Akbank<\/span><\/p><p style=\"font-size: 13pt;\">T\u00fcrkiye's SAP CRM system with the highest daily transaction volume is running in Akbank. As Technova, the responsibility of Akbank SAP CRM has been on our shoulders since 2011. We continue to develop Akbank SAP CRM with the Fiori interface, which is completely custom, carefully designed to keep up with the speed of Akbank complaint management team, and with numerous projects we have completed so far and with ideas and designs specialised for Akbank.<\/p><\/div><\/div><\/div><div class=\"swiper-slide before\" id=\"el-4b4bfdca\" data-vce-do-apply=\"all el-4b4bfdca\"><div class=\"customer-mains\"><div class=\"customer-mains-image\"><img decoding=\"async\" class=\"\" src=\"https:\/\/www.technova.com.tr\/wp-content\/uploads\/2023\/05\/2-1.png\" alt=\"\"><\/div><div class=\"customer-mains-content\"><p><span style=\"font-family: inherit; font-size: 24px;\">Taha Giyim<\/span><\/p><p style=\"font-size: 13pt;\">Taha Giyim, which manages the domestic contract manufacturing organisation as a subsidiary of LC Waikiki, has been continuing its way with Solution Manager 7.2 for years in in-house case management. As Technova, we are happy to have contributed to a successful Change Request Management and Incident Management project and then to a smooth case management experience for all users with the Fiori interface project.<\/p><\/div><\/div><\/div><\/div><\/div><div class=\"swiper-pagination\"><\/div><\/div><\/div><\/div><\/div><\/div><\/div><\/div><\/div><\/div><\/div><\/div>\n","protected":false},"excerpt":{"rendered":"<p>Make Your Business Processes EfficientDetailed information&nbsp;Connect Customer Data from Demand to DeliveryDetailed information\u0130\u015finizi nas\u0131l daha de\u011ferli hale getiriyoruz?How do we make your business more valuable?SAP CX from TechnovaPlaying an active role at every&nbsp;stage of your communication with the customer, SAP CX improves the customer experience with valuable insights. A perfect experience leads to customer loyalty, [&hellip;]<\/p>\n","protected":false},"author":1,"featured_media":0,"parent":0,"menu_order":0,"comment_status":"closed","ping_status":"closed","template":"","meta":{"_acf_changed":false,"footnotes":""},"class_list":["post-809","page","type-page","status-publish","hentry"],"acf":[],"aioseo_notices":[],"_links":{"self":[{"href":"https:\/\/www.technova.com.tr\/en\/wp-json\/wp\/v2\/pages\/809","targetHints":{"allow":["GET"]}}],"collection":[{"href":"https:\/\/www.technova.com.tr\/en\/wp-json\/wp\/v2\/pages"}],"about":[{"href":"https:\/\/www.technova.com.tr\/en\/wp-json\/wp\/v2\/types\/page"}],"author":[{"embeddable":true,"href":"https:\/\/www.technova.com.tr\/en\/wp-json\/wp\/v2\/users\/1"}],"replies":[{"embeddable":true,"href":"https:\/\/www.technova.com.tr\/en\/wp-json\/wp\/v2\/comments?post=809"}],"version-history":[{"count":33,"href":"https:\/\/www.technova.com.tr\/en\/wp-json\/wp\/v2\/pages\/809\/revisions"}],"predecessor-version":[{"id":1435,"href":"https:\/\/www.technova.com.tr\/en\/wp-json\/wp\/v2\/pages\/809\/revisions\/1435"}],"wp:attachment":[{"href":"https:\/\/www.technova.com.tr\/en\/wp-json\/wp\/v2\/media?parent=809"}],"curies":[{"name":"wp","href":"https:\/\/api.w.org\/{rel}","templated":true}]}}