{"id":827,"date":"2023-05-08T13:13:08","date_gmt":"2023-05-08T10:13:08","guid":{"rendered":"https:\/\/www.technova.com.tr\/proje-yonetimi\/"},"modified":"2024-05-07T11:16:37","modified_gmt":"2024-05-07T08:16:37","slug":"project-management","status":"publish","type":"page","link":"https:\/\/www.technova.com.tr\/en\/services\/project-management\/","title":{"rendered":"Project Management"},"content":{"rendered":"<div class=\"vce-row-container\" data-vce-boxed-width=\"true\"><div class=\"vce-row vce-row--col-gap-30 vce-row-equal-height vce-row-content--top\" id=\"el-ed5eeffc\" data-vce-do-apply=\"all el-ed5eeffc\"><div class=\"vce-row-content\" data-vce-element-content=\"true\"><div class=\"vce-col vce-col--md-auto vce-col--xs-1 vce-col--xs-last vce-col--xs-first vce-col--sm-last vce-col--sm-first vce-col--md-last vce-col--lg-last vce-col--xl-last vce-col--md-first vce-col--lg-first vce-col--xl-first\" id=\"el-fa46d987\"><div class=\"vce-col-inner\" data-vce-do-apply=\"border margin background  el-fa46d987\"><div class=\"vce-col-content\" data-vce-element-content=\"true\" data-vce-do-apply=\"padding el-fa46d987\"><div class=\"write-main\" id=\"el-71bfe300\" data-vce-do-apply=\"all el-71bfe300\"><div class=\"container\"><div class=\"row\"><div wrappercol=\"col-12\"><h2><span style=\"font-size: 12pt; font-weight: 400; font-style: normal;\">The key to a successful project is not only to achieve the objectives, but to do so under constraints such as time, budget and quality.<\/span><\/h2>\r\n<h2><span style=\"font-size: 12pt; font-weight: 400; font-style: normal;\"> Technova experts analyze the unique requirements of your project and help you achieve your goals in the most efficient way by carrying out the necessary planning, coordination and control activities throughout the process.<\/span><\/h2><\/div><\/div><\/div><\/div><\/div><\/div><\/div><\/div><\/div><\/div><div class=\"vce-row-container\" data-vce-boxed-width=\"true\"><div class=\"vce-row vce-row--col-gap-30 vce-row-equal-height vce-row-content--top\" id=\"el-9881d61d\" data-vce-do-apply=\"all el-9881d61d\"><div class=\"vce-row-content\" data-vce-element-content=\"true\"><div class=\"vce-col vce-col--md-auto vce-col--xs-1 vce-col--xs-last vce-col--xs-first vce-col--sm-last vce-col--sm-first vce-col--md-last vce-col--lg-last vce-col--xl-last vce-col--md-first vce-col--lg-first vce-col--xl-first\" id=\"el-11be58af\"><div class=\"vce-col-inner\" data-vce-do-apply=\"border margin background  el-11be58af\"><div class=\"vce-col-content\" data-vce-element-content=\"true\" data-vce-do-apply=\"padding el-11be58af\"><div class=\"productivity-main\" id=\"el-05c06c36\" data-vce-background-image-all=\"https:\/\/www.technova.com.tr\/wp-content\/uploads\/2023\/05\/download-3.png\" data-vce-background-image=\"all\" data-vce-lozad=\"true\" data-vce-do-apply=\"all el-05c06c36\"><div class=\"container\"><h2>Technova\u2019da s\u00fcre\u00e7ler:<br><strong>Verimlili\u011fe ad\u0131m ad\u0131m<\/strong><br><br>&nbsp; &nbsp;<\/h2><div class=\"row justify-content-center\"><div class=\"vce-text-block\"><div class=\"vce-text-block-wrapper vce\" id=\"el-931e1f55\" data-vce-do-apply=\"all el-931e1f55\"><h2>Processes at Technova:<br><strong>Step by step to efficiency<\/strong><\/h2><p>&nbsp; &nbsp;<\/p><\/div><\/div><div class=\"col-12 col-md-6 col-lg-4\"><div class=\"productivity-main-box\" id=\"el-bbccb466\" data-vce-do-apply=\"all el-bbccb466\"><span>1<\/span><p>In order to understand<br>the business processes of your organisation, you discover which jobs are done, how these jobs are related to each other and identify your needs<br>we determine.<\/p><\/div><\/div><div class=\"col-12 col-md-6 col-lg-4\"><div class=\"productivity-main-box\" id=\"el-ca530437\" data-vce-do-apply=\"all el-ca530437\"><span>2<\/span><p>In order to optimise business <br>processes, we examine the existing SAP tools, if any, and determine what we will do to make the system <br>more efficient.<\/p><\/div><\/div><div class=\"col-12 col-md-6 col-lg-4\"><div class=\"productivity-main-box\" id=\"el-da2a6795\" data-vce-do-apply=\"all el-da2a6795\"><span>3<\/span><p>We show you how the solutions we think will add value to your organisation will reduce errors and help you use the system more effectively.<\/p><\/div><\/div><div class=\"col-12 col-md-6 col-lg-4\"><div class=\"productivity-main-box\" id=\"el-b882a95f\" data-vce-do-apply=\"all el-b882a95f\"><span>4<\/span><p>We show you how the solutions we think will add value to your organisation will reduce errors and help you use the system more effectively.<\/p><\/div><\/div><div class=\"col-12 col-md-6 col-lg-4\"><div class=\"productivity-main-box\" id=\"el-2a1055d2\" data-vce-do-apply=\"all el-2a1055d2\"><span>5<\/span><p>After the projects go live, <br>we follow up the work and help you to easily use the features and tools available in the SAP system.<\/p><\/div><\/div><\/div><\/div><\/div><\/div><\/div><\/div><\/div><\/div><\/div><div class=\"vce-row-container\" data-vce-boxed-width=\"true\"><div class=\"vce-row vce-row--col-gap-30 vce-row-equal-height vce-row-content--top\" id=\"el-8a551b68\" data-vce-do-apply=\"all el-8a551b68\"><div class=\"vce-row-content\" data-vce-element-content=\"true\"><div class=\"vce-col vce-col--md-auto vce-col--xs-1 vce-col--xs-last vce-col--xs-first vce-col--sm-last vce-col--sm-first vce-col--md-last vce-col--lg-last vce-col--xl-last vce-col--md-first vce-col--lg-first vce-col--xl-first\" id=\"el-a08dd03c\"><div class=\"vce-col-inner\" data-vce-do-apply=\"border margin background  el-a08dd03c\"><div class=\"vce-col-content\" data-vce-element-content=\"true\" data-vce-do-apply=\"padding el-a08dd03c\"><div class=\"vcv-row-control-wrapper\"><\/div><\/div><\/div><\/div><\/div><\/div><\/div><div class=\"vce-row-container\" data-vce-boxed-width=\"true\"><div class=\"vce-row vce-row--col-gap-30 vce-row-equal-height vce-row-content--top\" id=\"el-de12d5ef\" data-vce-do-apply=\"all el-de12d5ef\"><div class=\"vce-row-content\" data-vce-element-content=\"true\"><div class=\"vce-col vce-col--md-auto vce-col--xs-1 vce-col--xs-last vce-col--xs-first vce-col--sm-last vce-col--sm-first vce-col--md-last vce-col--lg-last vce-col--xl-last vce-col--md-first vce-col--lg-first vce-col--xl-first\" id=\"el-2eb345f8\"><div class=\"vce-col-inner\" data-vce-do-apply=\"border margin background  el-2eb345f8\"><div class=\"vce-col-content\" data-vce-element-content=\"true\" data-vce-do-apply=\"padding el-2eb345f8\"><div class=\"box-main\" id=\"el-a0742b7b\" data-vce-do-apply=\"all el-a0742b7b\"><div class=\"container\"><div class=\"row\"><h2>Sectors valued with Technova Project Management<\/h2><div class=\"col-12 col-md-6 col-lg-4\" id=\"el-2b7fab22\" data-vce-do-apply=\"all el-2b7fab22\"><div class=\"box-main-image\"><img decoding=\"async\" class=\"\" src=\"https:\/\/www.technova.com.tr\/wp-content\/uploads\/2023\/05\/insaat.png\" alt=\"\"><div class=\"box-main-image-content\"><h3>Construction<\/h3>\r\n<p>Benefit from Technova technology for the timely completion of the project, from the procurement of the necessary materials to the coordination of the workers.<\/p><\/div><\/div><\/div><div class=\"col-12 col-md-6 col-lg-4\" id=\"el-9bed8d9f\" data-vce-do-apply=\"all el-9bed8d9f\"><div class=\"box-main-image\"><img decoding=\"async\" class=\"\" src=\"https:\/\/www.technova.com.tr\/wp-content\/uploads\/2023\/05\/download-8.png\" alt=\"\"><div class=\"box-main-image-content\"><h3>Technology<\/h3>\r\n<p>Obtain the necessary support from Technova for designing, developing, and implementing various types of software, whether it be enterprise-based or custom-made.<\/p><\/div><\/div><\/div><div class=\"col-12 col-md-6 col-lg-4\" id=\"el-3510887e\" data-vce-do-apply=\"all el-3510887e\"><div class=\"box-main-image\"><img decoding=\"async\" class=\"\" src=\"https:\/\/www.technova.com.tr\/wp-content\/uploads\/2023\/05\/muhendislik.png\" alt=\"\"><div class=\"box-main-image-content\"><h3>Engineering<\/h3>\r\n<p>Take advantage of Technova's assistance throughout the design, production, and installation phases of machines or systems. Make informed decisions every step of the way.<\/p><\/div><\/div><\/div><div class=\"col-12 col-md-6 col-lg-4\" id=\"el-3808b353\" data-vce-do-apply=\"all el-3808b353\"><div class=\"box-main-image\"><img decoding=\"async\" class=\"\" src=\"https:\/\/www.technova.com.tr\/wp-content\/uploads\/2023\/05\/saglik.png\" alt=\"\"><div class=\"box-main-image-content\"><h3>Health<\/h3>\r\n<p>Entrust the Technova team with all aspects of your healthcare organization's operations, renovation projects, and investment-oriented initiatives. Achieve your cost and process objectives with confidence.<\/p><\/div><\/div><\/div><div class=\"col-12 col-md-6 col-lg-4\" id=\"el-682ccdc3\" data-vce-do-apply=\"all el-682ccdc3\"><div class=\"box-main-image\"><img decoding=\"async\" class=\"\" src=\"https:\/\/www.technova.com.tr\/wp-content\/uploads\/2023\/05\/download-9.png\" alt=\"\"><div class=\"box-main-image-content\"><h3>Finance<\/h3>\r\n<p>Place your investment projects or financial service planning processes in the hands of Technova. Benefit from their expertise in planning, coordinating, and overseeing each stage of the project.<\/p><\/div><\/div><\/div><div class=\"col-12 col-md-6 col-lg-4\" id=\"el-49a0fe9f\" data-vce-do-apply=\"all el-49a0fe9f\"><div class=\"box-main-image\"><img decoding=\"async\" class=\"\" src=\"https:\/\/www.technova.com.tr\/wp-content\/uploads\/2023\/05\/download-10.png\" alt=\"\"><div class=\"box-main-image-content\"><h3>Education<\/h3>\r\n<p>Delegate critical tasks to Technova's experts in all areas related to your educational institution, regardless of their duration. Discover sector-specific solutions that meet your needs.<\/p><\/div><\/div><\/div><\/div><\/div><\/div><\/div><\/div><\/div><\/div><\/div><\/div>","protected":false},"excerpt":{"rendered":"<p>The key to a successful project is not only to achieve the objectives, but to do so under constraints such as time, budget and quality. Technova experts analyze the unique requirements of your project and help you achieve your goals in the most efficient way by carrying out the necessary planning, coordination and control activities [&hellip;]<\/p>\n","protected":false},"author":1,"featured_media":874,"parent":848,"menu_order":0,"comment_status":"closed","ping_status":"closed","template":"proje-yonetimi.php","meta":{"_acf_changed":false,"footnotes":""},"class_list":["post-827","page","type-page","status-publish","has-post-thumbnail","hentry"],"acf":[],"aioseo_notices":[],"_links":{"self":[{"href":"https:\/\/www.technova.com.tr\/en\/wp-json\/wp\/v2\/pages\/827","targetHints":{"allow":["GET"]}}],"collection":[{"href":"https:\/\/www.technova.com.tr\/en\/wp-json\/wp\/v2\/pages"}],"about":[{"href":"https:\/\/www.technova.com.tr\/en\/wp-json\/wp\/v2\/types\/page"}],"author":[{"embeddable":true,"href":"https:\/\/www.technova.com.tr\/en\/wp-json\/wp\/v2\/users\/1"}],"replies":[{"embeddable":true,"href":"https:\/\/www.technova.com.tr\/en\/wp-json\/wp\/v2\/comments?post=827"}],"version-history":[{"count":9,"href":"https:\/\/www.technova.com.tr\/en\/wp-json\/wp\/v2\/pages\/827\/revisions"}],"predecessor-version":[{"id":1423,"href":"https:\/\/www.technova.com.tr\/en\/wp-json\/wp\/v2\/pages\/827\/revisions\/1423"}],"up":[{"embeddable":true,"href":"https:\/\/www.technova.com.tr\/en\/wp-json\/wp\/v2\/pages\/848"}],"wp:featuredmedia":[{"embeddable":true,"href":"https:\/\/www.technova.com.tr\/en\/wp-json\/wp\/v2\/media\/874"}],"wp:attachment":[{"href":"https:\/\/www.technova.com.tr\/en\/wp-json\/wp\/v2\/media?parent=827"}],"curies":[{"name":"wp","href":"https:\/\/api.w.org\/{rel}","templated":true}]}}